{"id":595,"date":"2022-07-25T14:12:44","date_gmt":"2022-07-25T12:12:44","guid":{"rendered":"https:\/\/www.hotel-gasthof-rose-metzingen.de\/ausflugstipps-umgebung\/"},"modified":"2022-08-08T13:36:53","modified_gmt":"2022-08-08T11:36:53","slug":"excursion-tips-activities","status":"publish","type":"page","link":"https:\/\/www.hotel-gasthof-rose-metzingen.de\/en\/excursion-tips-activities\/","title":{"rendered":"Excursion tips &#038; activities"},"content":{"rendered":"<div class=\"fusion-fullwidth fullwidth-box fusion-builder-row-1 fusion-flex-container has-pattern-background has-mask-background nonhundred-percent-fullwidth non-hundred-percent-height-scrolling\" style=\"--awb-border-radius-top-left:0px;--awb-border-radius-top-right:0px;--awb-border-radius-bottom-right:0px;--awb-border-radius-bottom-left:0px;--awb-flex-wrap:wrap;\" ><div class=\"fusion-builder-row fusion-row fusion-flex-align-items-flex-start fusion-flex-content-wrap\" style=\"max-width:1248px;margin-left: calc(-4% \/ 2 );margin-right: calc(-4% \/ 2 );\"><div class=\"fusion-layout-column fusion_builder_column fusion-builder-column-0 fusion_builder_column_1_1 1_1 fusion-flex-column\" style=\"--awb-bg-size:cover;--awb-width-large:100%;--awb-margin-top-large:0px;--awb-spacing-right-large:1.92%;--awb-margin-bottom-large:20px;--awb-spacing-left-large:1.92%;--awb-width-medium:100%;--awb-order-medium:0;--awb-spacing-right-medium:1.92%;--awb-spacing-left-medium:1.92%;--awb-width-small:100%;--awb-order-small:0;--awb-spacing-right-small:1.92%;--awb-spacing-left-small:1.92%;\"><div class=\"fusion-column-wrapper fusion-column-has-shadow fusion-flex-justify-content-flex-start fusion-content-layout-column\"><div class=\"fusion-blog-shortcode fusion-blog-shortcode-1 fusion-blog-archive fusion-blog-layout-large fusion-blog-pagination\"><div class=\"fusion-posts-container fusion-posts-container-pagination fusion-no-meta-info fusion-blog-rollover\" data-pages=\"1\"><article id=\"blog-1-post-615\" class=\"fusion-post-large post-615 post type-post status-publish format-standard has-post-thumbnail hentry category-uncategorized\">\n\t<style type=\"text\/css\">\n\t\t\n\t\t\n\t\t\n\t\t\n\t\t\t<\/style>\n\n\n\t\t\t<div class=\"fusion-flexslider flexslider fusion-flexslider-loading fusion-post-slideshow\" style=\"\">\n\t\t<ul class=\"slides\">\n\t\t\t\n\t\t\t\t\t\t\t\t\t\t\t\t\t\t<li><div  class=\"fusion-image-wrapper\" aria-haspopup=\"true\">\n\t\t\t\t<img decoding=\"async\" width=\"1736\" height=\"1128\" src=\"https:\/\/www.hotel-gasthof-rose-metzingen.de\/wp-content\/uploads\/2022\/07\/outet-city-metzingen-impression.jpg\" class=\"attachment-full size-full wp-post-image\" alt=\"\" srcset=\"https:\/\/www.hotel-gasthof-rose-metzingen.de\/wp-content\/uploads\/2022\/07\/outet-city-metzingen-impression-200x130.jpg 200w, https:\/\/www.hotel-gasthof-rose-metzingen.de\/wp-content\/uploads\/2022\/07\/outet-city-metzingen-impression-400x260.jpg 400w, https:\/\/www.hotel-gasthof-rose-metzingen.de\/wp-content\/uploads\/2022\/07\/outet-city-metzingen-impression-600x390.jpg 600w, https:\/\/www.hotel-gasthof-rose-metzingen.de\/wp-content\/uploads\/2022\/07\/outet-city-metzingen-impression-800x520.jpg 800w, https:\/\/www.hotel-gasthof-rose-metzingen.de\/wp-content\/uploads\/2022\/07\/outet-city-metzingen-impression-1200x780.jpg 1200w, https:\/\/www.hotel-gasthof-rose-metzingen.de\/wp-content\/uploads\/2022\/07\/outet-city-metzingen-impression.jpg 1736w\" sizes=\"(max-width: 640px) 100vw, 1200px\" \/><div class=\"fusion-rollover\">\n\t<div class=\"fusion-rollover-content\">\n\n\t\t\t\t\t\t\t\t\t\t\t\t\t\t<a class=\"fusion-rollover-link\" href=\"https:\/\/www.hotel-gasthof-rose-metzingen.de\/en\/outlet-city-metzingen\/\">Outlet-City Metzingen<\/a>\n\t\t\t\n\t\t\t\t\t\t\t\t\n\t\t\n\t\t\t\t\t\t\t\t\t\t\t\t<h4 class=\"fusion-rollover-title\">\n\t\t\t\t\t<a class=\"fusion-rollover-title-link\" href=\"https:\/\/www.hotel-gasthof-rose-metzingen.de\/en\/outlet-city-metzingen\/\">\n\t\t\t\t\t\tOutlet-City Metzingen\t\t\t\t\t<\/a>\n\t\t\t\t<\/h4>\n\t\t\t\n\t\t\t\t\t\t\t\t\n\t\t\n\t\t\t\t\t\t<a class=\"fusion-link-wrapper\" href=\"https:\/\/www.hotel-gasthof-rose-metzingen.de\/en\/outlet-city-metzingen\/\" aria-label=\"Outlet-City Metzingen\"><\/a>\n\t<\/div>\n<\/div>\n<\/div>\n<\/li>\n\t\t\t\n\t\t\t\n\t\t\t\t\t\t\t\t\t\t\t\t\t\t\t\t\t\t\t\t\t\t\t\t\t\t\t\t\t\t\t\t\t\t\t\t\t\t\t\t\t\t\t\t\t\t\t\t\t\t\t\t\t\t\t\t\t\t\t\t\t\t\t\t\t\t\t\t<\/ul>\n\t<\/div>\n\t<div class=\"fusion-post-content post-content\"><h3 class=\"blog-shortcode-post-title entry-title\"><a href=\"https:\/\/www.hotel-gasthof-rose-metzingen.de\/en\/outlet-city-metzingen\/\">Outlet-City Metzingen<\/a><\/h3><div class=\"fusion-post-content-container\"><p> If you like shopping, the Outlet-City Metzingen is certainly a household name. In recent years, over 500 premium and luxury brands have come together in Metzingen to create a modern and international shopping world. The luxury brands are presented in architecturally impressive buildings, the selection of textiles, household goods,<a href=\"https:\/\/www.hotel-gasthof-rose-metzingen.de\/en\/outlet-city-metzingen\/\">  ... read more<\/a><\/p><\/div><\/div><div class=\"fusion-clearfix\"><\/div><\/article>\n<article id=\"blog-1-post-617\" class=\"fusion-post-large post-617 post type-post status-publish format-standard has-post-thumbnail hentry category-uncategorized\">\n\t<style type=\"text\/css\">\n\t\t\n\t\t\n\t\t\n\t\t\n\t\t\t<\/style>\n\n\n\t\t\t<div class=\"fusion-flexslider flexslider fusion-flexslider-loading fusion-post-slideshow\" style=\"\">\n\t\t<ul class=\"slides\">\n\t\t\t\n\t\t\t\t\t\t\t\t\t\t\t\t\t\t<li><div  class=\"fusion-image-wrapper\" aria-haspopup=\"true\">\n\t\t\t\t<img decoding=\"async\" width=\"1000\" height=\"620\" src=\"https:\/\/www.hotel-gasthof-rose-metzingen.de\/wp-content\/uploads\/2022\/07\/wasserfall-bad-urach-5501.jpg\" class=\"attachment-full size-full wp-post-image\" alt=\"\" srcset=\"https:\/\/www.hotel-gasthof-rose-metzingen.de\/wp-content\/uploads\/2022\/07\/wasserfall-bad-urach-5501-200x124.jpg 200w, https:\/\/www.hotel-gasthof-rose-metzingen.de\/wp-content\/uploads\/2022\/07\/wasserfall-bad-urach-5501-400x248.jpg 400w, https:\/\/www.hotel-gasthof-rose-metzingen.de\/wp-content\/uploads\/2022\/07\/wasserfall-bad-urach-5501-600x372.jpg 600w, https:\/\/www.hotel-gasthof-rose-metzingen.de\/wp-content\/uploads\/2022\/07\/wasserfall-bad-urach-5501-800x496.jpg 800w, https:\/\/www.hotel-gasthof-rose-metzingen.de\/wp-content\/uploads\/2022\/07\/wasserfall-bad-urach-5501.jpg 1000w\" sizes=\"(max-width: 640px) 100vw, 1000px\" \/><div class=\"fusion-rollover\">\n\t<div class=\"fusion-rollover-content\">\n\n\t\t\t\t\t\t\t\t\t\t\t\t\t\t<a class=\"fusion-rollover-link\" href=\"https:\/\/www.hotel-gasthof-rose-metzingen.de\/en\/waterfall-bad-urach\/\">Waterfall Bad Urach<\/a>\n\t\t\t\n\t\t\t\t\t\t\t\t\n\t\t\n\t\t\t\t\t\t\t\t\t\t\t\t<h4 class=\"fusion-rollover-title\">\n\t\t\t\t\t<a class=\"fusion-rollover-title-link\" href=\"https:\/\/www.hotel-gasthof-rose-metzingen.de\/en\/waterfall-bad-urach\/\">\n\t\t\t\t\t\tWaterfall Bad Urach\t\t\t\t\t<\/a>\n\t\t\t\t<\/h4>\n\t\t\t\n\t\t\t\t\t\t\t\t\n\t\t\n\t\t\t\t\t\t<a class=\"fusion-link-wrapper\" href=\"https:\/\/www.hotel-gasthof-rose-metzingen.de\/en\/waterfall-bad-urach\/\" aria-label=\"Waterfall Bad Urach\"><\/a>\n\t<\/div>\n<\/div>\n<\/div>\n<\/li>\n\t\t\t\n\t\t\t\n\t\t\t\t\t\t\t\t\t\t\t\t\t\t\t\t\t\t\t\t\t\t\t\t\t\t\t\t\t\t\t\t\t\t\t\t\t\t\t\t\t\t\t\t\t\t\t\t\t\t\t\t\t\t\t\t\t\t\t\t\t\t\t\t\t\t\t\t<\/ul>\n\t<\/div>\n\t<div class=\"fusion-post-content post-content\"><h3 class=\"blog-shortcode-post-title entry-title\"><a href=\"https:\/\/www.hotel-gasthof-rose-metzingen.de\/en\/waterfall-bad-urach\/\">Waterfall Bad Urach<\/a><\/h3><div class=\"fusion-post-content-container\"><p> The Bad Urach waterfall delights every hiker. Due to the many different views and paths that can be walked around the Bad Urach waterfall, many different, fascinating perspectives are created. The easiest way to reach the Bad Urach waterfall is via the Maisental valley along the Br\u00fchlbach stream. There<a href=\"https:\/\/www.hotel-gasthof-rose-metzingen.de\/en\/waterfall-bad-urach\/\">  ... read more<\/a><\/p><\/div><\/div><div class=\"fusion-clearfix\"><\/div><\/article>\n<article id=\"blog-1-post-619\" class=\"fusion-post-large post-619 post type-post status-publish format-standard has-post-thumbnail hentry category-uncategorized\">\n\t<style type=\"text\/css\">\n\t\t\n\t\t\n\t\t\n\t\t\n\t\t\t<\/style>\n\n\n\t\t\t<div class=\"fusion-flexslider flexslider fusion-flexslider-loading fusion-post-slideshow\" style=\"\">\n\t\t<ul class=\"slides\">\n\t\t\t\n\t\t\t\t\t\t\t\t\t\t\t\t\t\t<li><div  class=\"fusion-image-wrapper\" aria-haspopup=\"true\">\n\t\t\t\t<img decoding=\"async\" width=\"849\" height=\"566\" src=\"https:\/\/www.hotel-gasthof-rose-metzingen.de\/wp-content\/uploads\/2022\/07\/Tuebingen.jpg\" class=\"attachment-full size-full wp-post-image\" alt=\"\" srcset=\"https:\/\/www.hotel-gasthof-rose-metzingen.de\/wp-content\/uploads\/2022\/07\/Tuebingen-200x133.jpg 200w, https:\/\/www.hotel-gasthof-rose-metzingen.de\/wp-content\/uploads\/2022\/07\/Tuebingen-400x267.jpg 400w, https:\/\/www.hotel-gasthof-rose-metzingen.de\/wp-content\/uploads\/2022\/07\/Tuebingen-600x400.jpg 600w, https:\/\/www.hotel-gasthof-rose-metzingen.de\/wp-content\/uploads\/2022\/07\/Tuebingen-800x533.jpg 800w, https:\/\/www.hotel-gasthof-rose-metzingen.de\/wp-content\/uploads\/2022\/07\/Tuebingen.jpg 849w\" sizes=\"(max-width: 640px) 100vw, 849px\" \/><div class=\"fusion-rollover\">\n\t<div class=\"fusion-rollover-content\">\n\n\t\t\t\t\t\t\t\t\t\t\t\t\t\t<a class=\"fusion-rollover-link\" href=\"https:\/\/www.hotel-gasthof-rose-metzingen.de\/en\/tuebingen-historic-old-town-with-flair\/\">T\u00fcbingen &#8211; historic old town with flair<\/a>\n\t\t\t\n\t\t\t\t\t\t\t\t\n\t\t\n\t\t\t\t\t\t\t\t\t\t\t\t<h4 class=\"fusion-rollover-title\">\n\t\t\t\t\t<a class=\"fusion-rollover-title-link\" href=\"https:\/\/www.hotel-gasthof-rose-metzingen.de\/en\/tuebingen-historic-old-town-with-flair\/\">\n\t\t\t\t\t\tT\u00fcbingen &#8211; historic old town with flair\t\t\t\t\t<\/a>\n\t\t\t\t<\/h4>\n\t\t\t\n\t\t\t\t\t\t\t\t\n\t\t\n\t\t\t\t\t\t<a class=\"fusion-link-wrapper\" href=\"https:\/\/www.hotel-gasthof-rose-metzingen.de\/en\/tuebingen-historic-old-town-with-flair\/\" aria-label=\"T\u00fcbingen &#8211; historic old town with flair\"><\/a>\n\t<\/div>\n<\/div>\n<\/div>\n<\/li>\n\t\t\t\n\t\t\t\n\t\t\t\t\t\t\t\t\t\t\t\t\t\t\t\t\t\t\t\t\t\t\t\t\t\t\t\t\t\t\t\t\t\t\t\t\t\t\t\t\t\t\t\t\t\t\t\t\t\t\t\t\t\t\t\t\t\t\t\t\t\t\t\t\t\t\t\t<\/ul>\n\t<\/div>\n\t<div class=\"fusion-post-content post-content\"><h3 class=\"blog-shortcode-post-title entry-title\"><a href=\"https:\/\/www.hotel-gasthof-rose-metzingen.de\/en\/tuebingen-historic-old-town-with-flair\/\">T\u00fcbingen &#8211; historic old town with flair<\/a><\/h3><div class=\"fusion-post-content-container\"><p> As a venerable university town with historical flair, T\u00fcbingen is a wonderful destination for an excursion. Stroll through the beautiful old town and the alleys of T\u00fcbingen. Stop off at one of the restaurants and beer gardens near the Neckar and admire the world-famous H\u00f6lderlin Tower. The punting trips<a href=\"https:\/\/www.hotel-gasthof-rose-metzingen.de\/en\/tuebingen-historic-old-town-with-flair\/\">  ... read more<\/a><\/p><\/div><\/div><div class=\"fusion-clearfix\"><\/div><\/article>\n<article id=\"blog-1-post-621\" class=\"fusion-post-large post-621 post type-post status-publish format-standard has-post-thumbnail hentry category-uncategorized\">\n\t<style type=\"text\/css\">\n\t\t\n\t\t\n\t\t\n\t\t\n\t\t\t<\/style>\n\n\n\t\t\t<div class=\"fusion-flexslider flexslider fusion-flexslider-loading fusion-post-slideshow\" style=\"\">\n\t\t<ul class=\"slides\">\n\t\t\t\n\t\t\t\t\t\t\t\t\t\t\t\t\t\t<li><div  class=\"fusion-image-wrapper\" aria-haspopup=\"true\">\n\t\t\t\t<img decoding=\"async\" width=\"1000\" height=\"718\" src=\"https:\/\/www.hotel-gasthof-rose-metzingen.de\/wp-content\/uploads\/2022\/07\/therme-wellness-25645.jpg\" class=\"attachment-full size-full wp-post-image\" alt=\"\" srcset=\"https:\/\/www.hotel-gasthof-rose-metzingen.de\/wp-content\/uploads\/2022\/07\/therme-wellness-25645-200x144.jpg 200w, https:\/\/www.hotel-gasthof-rose-metzingen.de\/wp-content\/uploads\/2022\/07\/therme-wellness-25645-400x287.jpg 400w, https:\/\/www.hotel-gasthof-rose-metzingen.de\/wp-content\/uploads\/2022\/07\/therme-wellness-25645-600x431.jpg 600w, https:\/\/www.hotel-gasthof-rose-metzingen.de\/wp-content\/uploads\/2022\/07\/therme-wellness-25645-800x574.jpg 800w, https:\/\/www.hotel-gasthof-rose-metzingen.de\/wp-content\/uploads\/2022\/07\/therme-wellness-25645.jpg 1000w\" sizes=\"(max-width: 640px) 100vw, 1000px\" \/><div class=\"fusion-rollover\">\n\t<div class=\"fusion-rollover-content\">\n\n\t\t\t\t\t\t\t\t\t\t\t\t\t\t<a class=\"fusion-rollover-link\" href=\"https:\/\/www.hotel-gasthof-rose-metzingen.de\/en\/albthermen-bad-urach\/\">Albthermen &#8211; Bad Urach<\/a>\n\t\t\t\n\t\t\t\t\t\t\t\t\n\t\t\n\t\t\t\t\t\t\t\t\t\t\t\t<h4 class=\"fusion-rollover-title\">\n\t\t\t\t\t<a class=\"fusion-rollover-title-link\" href=\"https:\/\/www.hotel-gasthof-rose-metzingen.de\/en\/albthermen-bad-urach\/\">\n\t\t\t\t\t\tAlbthermen &#8211; Bad Urach\t\t\t\t\t<\/a>\n\t\t\t\t<\/h4>\n\t\t\t\n\t\t\t\t\t\t\t\t\n\t\t\n\t\t\t\t\t\t<a class=\"fusion-link-wrapper\" href=\"https:\/\/www.hotel-gasthof-rose-metzingen.de\/en\/albthermen-bad-urach\/\" aria-label=\"Albthermen &#8211; Bad Urach\"><\/a>\n\t<\/div>\n<\/div>\n<\/div>\n<\/li>\n\t\t\t\n\t\t\t\n\t\t\t\t\t\t\t\t\t\t\t\t\t\t\t\t\t\t\t\t\t\t\t\t\t\t\t\t\t\t\t\t\t\t\t\t\t\t\t\t\t\t\t\t\t\t\t\t\t\t\t\t\t\t\t\t\t\t\t\t\t\t\t\t\t\t\t\t<\/ul>\n\t<\/div>\n\t<div class=\"fusion-post-content post-content\"><h3 class=\"blog-shortcode-post-title entry-title\"><a href=\"https:\/\/www.hotel-gasthof-rose-metzingen.de\/en\/albthermen-bad-urach\/\">Albthermen &#8211; Bad Urach<\/a><\/h3><div class=\"fusion-post-content-container\"><p> The Albthermen in Bad Urach - Wellness &amp; Relaxation The Albthermen in Bad Urach are known far beyond the borders of Baden-W\u00fcrttemberg. Their uniqueness is based on the charm of a spa and health resort from the early 1970s, modernised and equipped to a high standard with innovative ideas<a href=\"https:\/\/www.hotel-gasthof-rose-metzingen.de\/en\/albthermen-bad-urach\/\">  ... read more<\/a><\/p><\/div><\/div><div class=\"fusion-clearfix\"><\/div><\/article>\n<\/div><\/div><\/div><\/div><\/div><\/div>\n","protected":false},"excerpt":{"rendered":"","protected":false},"author":2,"featured_media":0,"parent":0,"menu_order":0,"comment_status":"closed","ping_status":"closed","template":"","meta":{"footnotes":""},"class_list":["post-595","page","type-page","status-publish","hentry"],"acf":[],"yoast_head":"<!-- This site is optimized with the Yoast SEO plugin v27.5 - https:\/\/yoast.com\/product\/yoast-seo-wordpress\/ -->\n<title>Excursion tips &amp; activities - Hotel Rose Metzingen<\/title>\n<meta name=\"robots\" content=\"index, follow, max-snippet:-1, max-image-preview:large, max-video-preview:-1\" \/>\n<link rel=\"canonical\" href=\"https:\/\/www.hotel-gasthof-rose-metzingen.de\/en\/excursion-tips-activities\/\" \/>\n<meta property=\"og:locale\" content=\"en_US\" \/>\n<meta property=\"og:type\" content=\"article\" \/>\n<meta property=\"og:title\" content=\"Excursion tips &amp; activities - Hotel Rose Metzingen\" \/>\n<meta property=\"og:url\" content=\"https:\/\/www.hotel-gasthof-rose-metzingen.de\/en\/excursion-tips-activities\/\" \/>\n<meta property=\"og:site_name\" content=\"Hotel Rose Metzingen\" \/>\n<meta property=\"article:modified_time\" content=\"2022-08-08T11:36:53+00:00\" \/>\n<meta name=\"twitter:card\" content=\"summary_large_image\" \/>\n<meta name=\"twitter:label1\" content=\"Est. reading time\" \/>\n\t<meta name=\"twitter:data1\" content=\"2 minutes\" \/>\n<script type=\"application\/ld+json\" class=\"yoast-schema-graph\">{\"@context\":\"https:\\\/\\\/schema.org\",\"@graph\":[{\"@type\":\"WebPage\",\"@id\":\"https:\\\/\\\/www.hotel-gasthof-rose-metzingen.de\\\/en\\\/excursion-tips-activities\\\/\",\"url\":\"https:\\\/\\\/www.hotel-gasthof-rose-metzingen.de\\\/en\\\/excursion-tips-activities\\\/\",\"name\":\"Excursion tips & activities - Hotel Rose Metzingen\",\"isPartOf\":{\"@id\":\"https:\\\/\\\/www.hotel-gasthof-rose-metzingen.de\\\/en\\\/#website\"},\"datePublished\":\"2022-07-25T12:12:44+00:00\",\"dateModified\":\"2022-08-08T11:36:53+00:00\",\"breadcrumb\":{\"@id\":\"https:\\\/\\\/www.hotel-gasthof-rose-metzingen.de\\\/en\\\/excursion-tips-activities\\\/#breadcrumb\"},\"inLanguage\":\"en-US\",\"potentialAction\":[{\"@type\":\"ReadAction\",\"target\":[\"https:\\\/\\\/www.hotel-gasthof-rose-metzingen.de\\\/en\\\/excursion-tips-activities\\\/\"]}]},{\"@type\":\"BreadcrumbList\",\"@id\":\"https:\\\/\\\/www.hotel-gasthof-rose-metzingen.de\\\/en\\\/excursion-tips-activities\\\/#breadcrumb\",\"itemListElement\":[{\"@type\":\"ListItem\",\"position\":1,\"name\":\"Startseite\",\"item\":\"https:\\\/\\\/www.hotel-gasthof-rose-metzingen.de\\\/en\\\/\"},{\"@type\":\"ListItem\",\"position\":2,\"name\":\"Excursion tips &#038; activities\"}]},{\"@type\":\"WebSite\",\"@id\":\"https:\\\/\\\/www.hotel-gasthof-rose-metzingen.de\\\/en\\\/#website\",\"url\":\"https:\\\/\\\/www.hotel-gasthof-rose-metzingen.de\\\/en\\\/\",\"name\":\"Hotel Rose Metzingen\",\"description\":\"Hotel Gasthof Rose Metzingen - ruhig und zentral direkt in Metzingen\",\"publisher\":{\"@id\":\"https:\\\/\\\/www.hotel-gasthof-rose-metzingen.de\\\/en\\\/#organization\"},\"potentialAction\":[{\"@type\":\"SearchAction\",\"target\":{\"@type\":\"EntryPoint\",\"urlTemplate\":\"https:\\\/\\\/www.hotel-gasthof-rose-metzingen.de\\\/en\\\/?s={search_term_string}\"},\"query-input\":{\"@type\":\"PropertyValueSpecification\",\"valueRequired\":true,\"valueName\":\"search_term_string\"}}],\"inLanguage\":\"en-US\"},{\"@type\":\"Organization\",\"@id\":\"https:\\\/\\\/www.hotel-gasthof-rose-metzingen.de\\\/en\\\/#organization\",\"name\":\"Hotel Gasthof Rose Metzingen\",\"url\":\"https:\\\/\\\/www.hotel-gasthof-rose-metzingen.de\\\/en\\\/\",\"logo\":{\"@type\":\"ImageObject\",\"inLanguage\":\"en-US\",\"@id\":\"https:\\\/\\\/www.hotel-gasthof-rose-metzingen.de\\\/en\\\/#\\\/schema\\\/logo\\\/image\\\/\",\"url\":\"https:\\\/\\\/www.hotel-gasthof-rose-metzingen.de\\\/wp-content\\\/uploads\\\/2022\\\/08\\\/Hotel-Gasthof-Rose-200.jpg\",\"contentUrl\":\"https:\\\/\\\/www.hotel-gasthof-rose-metzingen.de\\\/wp-content\\\/uploads\\\/2022\\\/08\\\/Hotel-Gasthof-Rose-200.jpg\",\"width\":336,\"height\":200,\"caption\":\"Hotel Gasthof Rose Metzingen\"},\"image\":{\"@id\":\"https:\\\/\\\/www.hotel-gasthof-rose-metzingen.de\\\/en\\\/#\\\/schema\\\/logo\\\/image\\\/\"}}]}<\/script>\n<!-- \/ Yoast SEO plugin. -->","yoast_head_json":{"title":"Excursion tips & activities - Hotel Rose Metzingen","robots":{"index":"index","follow":"follow","max-snippet":"max-snippet:-1","max-image-preview":"max-image-preview:large","max-video-preview":"max-video-preview:-1"},"canonical":"https:\/\/www.hotel-gasthof-rose-metzingen.de\/en\/excursion-tips-activities\/","og_locale":"en_US","og_type":"article","og_title":"Excursion tips & activities - Hotel Rose Metzingen","og_url":"https:\/\/www.hotel-gasthof-rose-metzingen.de\/en\/excursion-tips-activities\/","og_site_name":"Hotel Rose Metzingen","article_modified_time":"2022-08-08T11:36:53+00:00","twitter_card":"summary_large_image","twitter_misc":{"Est. reading time":"2 minutes"},"schema":{"@context":"https:\/\/schema.org","@graph":[{"@type":"WebPage","@id":"https:\/\/www.hotel-gasthof-rose-metzingen.de\/en\/excursion-tips-activities\/","url":"https:\/\/www.hotel-gasthof-rose-metzingen.de\/en\/excursion-tips-activities\/","name":"Excursion tips & activities - Hotel Rose Metzingen","isPartOf":{"@id":"https:\/\/www.hotel-gasthof-rose-metzingen.de\/en\/#website"},"datePublished":"2022-07-25T12:12:44+00:00","dateModified":"2022-08-08T11:36:53+00:00","breadcrumb":{"@id":"https:\/\/www.hotel-gasthof-rose-metzingen.de\/en\/excursion-tips-activities\/#breadcrumb"},"inLanguage":"en-US","potentialAction":[{"@type":"ReadAction","target":["https:\/\/www.hotel-gasthof-rose-metzingen.de\/en\/excursion-tips-activities\/"]}]},{"@type":"BreadcrumbList","@id":"https:\/\/www.hotel-gasthof-rose-metzingen.de\/en\/excursion-tips-activities\/#breadcrumb","itemListElement":[{"@type":"ListItem","position":1,"name":"Startseite","item":"https:\/\/www.hotel-gasthof-rose-metzingen.de\/en\/"},{"@type":"ListItem","position":2,"name":"Excursion tips &#038; activities"}]},{"@type":"WebSite","@id":"https:\/\/www.hotel-gasthof-rose-metzingen.de\/en\/#website","url":"https:\/\/www.hotel-gasthof-rose-metzingen.de\/en\/","name":"Hotel Rose Metzingen","description":"Hotel Gasthof Rose Metzingen - ruhig und zentral direkt in Metzingen","publisher":{"@id":"https:\/\/www.hotel-gasthof-rose-metzingen.de\/en\/#organization"},"potentialAction":[{"@type":"SearchAction","target":{"@type":"EntryPoint","urlTemplate":"https:\/\/www.hotel-gasthof-rose-metzingen.de\/en\/?s={search_term_string}"},"query-input":{"@type":"PropertyValueSpecification","valueRequired":true,"valueName":"search_term_string"}}],"inLanguage":"en-US"},{"@type":"Organization","@id":"https:\/\/www.hotel-gasthof-rose-metzingen.de\/en\/#organization","name":"Hotel Gasthof Rose Metzingen","url":"https:\/\/www.hotel-gasthof-rose-metzingen.de\/en\/","logo":{"@type":"ImageObject","inLanguage":"en-US","@id":"https:\/\/www.hotel-gasthof-rose-metzingen.de\/en\/#\/schema\/logo\/image\/","url":"https:\/\/www.hotel-gasthof-rose-metzingen.de\/wp-content\/uploads\/2022\/08\/Hotel-Gasthof-Rose-200.jpg","contentUrl":"https:\/\/www.hotel-gasthof-rose-metzingen.de\/wp-content\/uploads\/2022\/08\/Hotel-Gasthof-Rose-200.jpg","width":336,"height":200,"caption":"Hotel Gasthof Rose Metzingen"},"image":{"@id":"https:\/\/www.hotel-gasthof-rose-metzingen.de\/en\/#\/schema\/logo\/image\/"}}]}},"_links":{"self":[{"href":"https:\/\/www.hotel-gasthof-rose-metzingen.de\/en\/wp-json\/wp\/v2\/pages\/595","targetHints":{"allow":["GET"]}}],"collection":[{"href":"https:\/\/www.hotel-gasthof-rose-metzingen.de\/en\/wp-json\/wp\/v2\/pages"}],"about":[{"href":"https:\/\/www.hotel-gasthof-rose-metzingen.de\/en\/wp-json\/wp\/v2\/types\/page"}],"author":[{"embeddable":true,"href":"https:\/\/www.hotel-gasthof-rose-metzingen.de\/en\/wp-json\/wp\/v2\/users\/2"}],"replies":[{"embeddable":true,"href":"https:\/\/www.hotel-gasthof-rose-metzingen.de\/en\/wp-json\/wp\/v2\/comments?post=595"}],"version-history":[{"count":0,"href":"https:\/\/www.hotel-gasthof-rose-metzingen.de\/en\/wp-json\/wp\/v2\/pages\/595\/revisions"}],"wp:attachment":[{"href":"https:\/\/www.hotel-gasthof-rose-metzingen.de\/en\/wp-json\/wp\/v2\/media?parent=595"}],"curies":[{"name":"wp","href":"https:\/\/api.w.org\/{rel}","templated":true}]}}